{"id":1980,"date":"2023-05-26T15:35:41","date_gmt":"2023-05-26T13:35:41","guid":{"rendered":"https:\/\/formations-pouzauges.fr\/?page_id=1980"},"modified":"2023-05-26T16:44:08","modified_gmt":"2023-05-26T14:44:08","slug":"taxe-apprentissage","status":"publish","type":"page","link":"https:\/\/formations-pouzauges.fr\/index.php\/taxe-apprentissage\/","title":{"rendered":"TAXE APPRENTISSAGE"},"content":{"rendered":"<section class=\"av_textblock_section \"  itemscope=\"itemscope\" itemtype=\"https:\/\/schema.org\/CreativeWork\" ><div class='avia_textblock  '   itemprop=\"text\" ><p><img decoding=\"async\" src=\"https:\/\/www.mfr.fr\/media\/TaxeApp\/newtaxeMFRsolde.jpg\" alt=\"\" \/><\/p>\n<p>Partenaire territorial de la MFR, vous transmettez la culture de votre m\u00e9tier et jouez ainsi un r\u00f4le formateur aupr\u00e8s des jeunes.<\/p>\n<p>La taxe d\u2019apprentissage constitue pour notre \u00e9tablissement associatif et familial, un apport n\u00e9cessaire pour assurer les formations en apprentissage professionnelles et technologiques.<\/p>\n<p>En versant \u00e0 la MFR de Pouzauges, vous accompagnez les jeunes \u00e0 devenir comp\u00e9titifs sur le march\u00e9 de l\u2019emploi, performants et d\u00e9sireux de participer au d\u00e9veloppement local et \u00e9conomique. Ces jeunes seront demain vos futurs collaborateurs.<\/p>\n<p><strong>\u00ab\u00a0Ensemble, faisons de nos projets une r\u00e9alit\u00e9 pour la jeunesse et les territoires.\u00a0\u00bb<\/strong><\/p>\n<p><strong>\u00a0<\/strong>A partir de 2023, vous avez d\u00e9j\u00e0 r\u00e9gl\u00e9 le montant avec la DSN d\u2019avril. Si vous souhaitez nous verser le solde de la taxe d\u2019apprentissage, vous devez aller d\u00e9signer la MFR sur la plateforme SOLTEA via Net Entreprise.<\/p>\n<p><strong>\u00a0<\/strong>Pour vous aider, nous avons mis \u00e0 disposition sur notre site Internet (<a href=\"https:\/\/formations-pouzauges.fr\/\">https:\/\/formations-pouzauges.fr\/<\/a>) le mode op\u00e9ratoire de SOLTEA.<\/p>\n<p><strong><u>Comment\u00a0faire ?<\/u><\/strong><\/p>\n<h4>1) A partir du 25 mai, allez sur SOLTEA\u00a0 =&gt;\u00a0 <a href=\"https:\/\/www.net-entreprises.fr\/tableau-de-bord-entreprises-et-tiers-declarants\/\">Cliquer-ici<\/a><\/h4>\n<h4>2) D\u00e9signez la MFR BELLEVUE &#8211; Siret : 788 341 733 000 20 &#8211; UAI : 0851287M<\/h4>\n<p><a href=\"https:\/\/formations-pouzauges.fr\/wp-content\/uploads\/2023\/05\/soltea-mode-operatoire-002.pdf\" target=\"_blank\" rel=\"noopener\">Guide Solt\u00e9a<\/a><\/p>\n<p><a href=\"https:\/\/www.mfr.fr\/pages\/taxe-dapprentissage\" target=\"_blank\" rel=\"noopener\"><img loading=\"lazy\" decoding=\"async\" class=\"aligncenter wp-image-1993 size-medium\" src=\"https:\/\/formations-pouzauges.fr\/wp-content\/uploads\/2023\/05\/Pour-en-savoir-plus-300x145.jpg\" alt=\"\" width=\"300\" height=\"145\" srcset=\"https:\/\/formations-pouzauges.fr\/wp-content\/uploads\/2023\/05\/Pour-en-savoir-plus-300x145.jpg 300w, https:\/\/formations-pouzauges.fr\/wp-content\/uploads\/2023\/05\/Pour-en-savoir-plus.jpg 589w\" sizes=\"(max-width: 300px) 100vw, 300px\" \/><\/a><\/p>\n<\/div><\/section>\n","protected":false},"excerpt":{"rendered":"","protected":false},"author":2,"featured_media":0,"parent":0,"menu_order":0,"comment_status":"closed","ping_status":"closed","template":"","meta":{"footnotes":""},"_links":{"self":[{"href":"https:\/\/formations-pouzauges.fr\/index.php\/wp-json\/wp\/v2\/pages\/1980"}],"collection":[{"href":"https:\/\/formations-pouzauges.fr\/index.php\/wp-json\/wp\/v2\/pages"}],"about":[{"href":"https:\/\/formations-pouzauges.fr\/index.php\/wp-json\/wp\/v2\/types\/page"}],"author":[{"embeddable":true,"href":"https:\/\/formations-pouzauges.fr\/index.php\/wp-json\/wp\/v2\/users\/2"}],"replies":[{"embeddable":true,"href":"https:\/\/formations-pouzauges.fr\/index.php\/wp-json\/wp\/v2\/comments?post=1980"}],"version-history":[{"count":5,"href":"https:\/\/formations-pouzauges.fr\/index.php\/wp-json\/wp\/v2\/pages\/1980\/revisions"}],"predecessor-version":[{"id":2003,"href":"https:\/\/formations-pouzauges.fr\/index.php\/wp-json\/wp\/v2\/pages\/1980\/revisions\/2003"}],"wp:attachment":[{"href":"https:\/\/formations-pouzauges.fr\/index.php\/wp-json\/wp\/v2\/media?parent=1980"}],"curies":[{"name":"wp","href":"https:\/\/api.w.org\/{rel}","templated":true}]}}