{"id":2125,"date":"2024-12-07T17:41:41","date_gmt":"2024-12-07T16:41:41","guid":{"rendered":"https:\/\/formations-pouzauges.fr\/?page_id=2125"},"modified":"2024-12-07T17:41:41","modified_gmt":"2024-12-07T16:41:41","slug":"reference-handicap","status":"publish","type":"page","link":"https:\/\/formations-pouzauges.fr\/index.php\/reference-handicap\/","title":{"rendered":"ref\u00e9rence handicap"},"content":{"rendered":"<p>Nos r\u00e9f\u00e9rentes Handicap<\/p>\n<p>Emilie PASCREAU<\/p>\n<p>La\u00ebtitia COUTANT<\/p>\n<p>Contact : mfr.pouzauges@mfr.asso.fr<\/p>\n<p><img loading=\"lazy\" decoding=\"async\" class=\"alignnone size-medium wp-image-2120\" src=\"https:\/\/formations-pouzauges.fr\/wp-content\/uploads\/2024\/12\/Pictos-rouge-300x73.png\" alt=\"\" width=\"300\" height=\"73\" srcset=\"https:\/\/formations-pouzauges.fr\/wp-content\/uploads\/2024\/12\/Pictos-rouge-300x73.png 300w, https:\/\/formations-pouzauges.fr\/wp-content\/uploads\/2024\/12\/Pictos-rouge.png 394w\" sizes=\"(max-width: 300px) 100vw, 300px\" \/><\/p>\n","protected":false},"excerpt":{"rendered":"<p>Nos r\u00e9f\u00e9rentes Handicap Emilie PASCREAU La\u00ebtitia COUTANT Contact : mfr.pouzauges@mfr.asso.fr<\/p>\n","protected":false},"author":2,"featured_media":0,"parent":0,"menu_order":0,"comment_status":"closed","ping_status":"closed","template":"","meta":{"footnotes":""},"_links":{"self":[{"href":"https:\/\/formations-pouzauges.fr\/index.php\/wp-json\/wp\/v2\/pages\/2125"}],"collection":[{"href":"https:\/\/formations-pouzauges.fr\/index.php\/wp-json\/wp\/v2\/pages"}],"about":[{"href":"https:\/\/formations-pouzauges.fr\/index.php\/wp-json\/wp\/v2\/types\/page"}],"author":[{"embeddable":true,"href":"https:\/\/formations-pouzauges.fr\/index.php\/wp-json\/wp\/v2\/users\/2"}],"replies":[{"embeddable":true,"href":"https:\/\/formations-pouzauges.fr\/index.php\/wp-json\/wp\/v2\/comments?post=2125"}],"version-history":[{"count":3,"href":"https:\/\/formations-pouzauges.fr\/index.php\/wp-json\/wp\/v2\/pages\/2125\/revisions"}],"predecessor-version":[{"id":2176,"href":"https:\/\/formations-pouzauges.fr\/index.php\/wp-json\/wp\/v2\/pages\/2125\/revisions\/2176"}],"wp:attachment":[{"href":"https:\/\/formations-pouzauges.fr\/index.php\/wp-json\/wp\/v2\/media?parent=2125"}],"curies":[{"name":"wp","href":"https:\/\/api.w.org\/{rel}","templated":true}]}}